{"id":18,"date":"2022-03-06T16:23:02","date_gmt":"2022-03-06T19:23:02","guid":{"rendered":"http:\/\/www.gpscompany.com.br\/newsite\/?page_id=18"},"modified":"2024-08-13T19:38:31","modified_gmt":"2024-08-13T22:38:31","slug":"sobre","status":"publish","type":"page","link":"https:\/\/www.gpscompany.com.br\/newsite\/sobre\/","title":{"rendered":"Sobre"},"content":{"rendered":"\n<figure class=\"wp-block-image alignwide size-large is-style-rounded is-style-rounded--1\"><img loading=\"lazy\" decoding=\"async\" width=\"1024\" height=\"357\" src=\"https:\/\/www.gpscompany.com.br\/newsite\/wp-content\/uploads\/2024\/08\/Janela_Lourenco-1024x357.jpg\" alt=\"\" class=\"wp-image-213\" srcset=\"https:\/\/www.gpscompany.com.br\/newsite\/wp-content\/uploads\/2024\/08\/Janela_Lourenco-1024x357.jpg 1024w, https:\/\/www.gpscompany.com.br\/newsite\/wp-content\/uploads\/2024\/08\/Janela_Lourenco-300x105.jpg 300w, https:\/\/www.gpscompany.com.br\/newsite\/wp-content\/uploads\/2024\/08\/Janela_Lourenco-768x268.jpg 768w, https:\/\/www.gpscompany.com.br\/newsite\/wp-content\/uploads\/2024\/08\/Janela_Lourenco-1536x536.jpg 1536w, https:\/\/www.gpscompany.com.br\/newsite\/wp-content\/uploads\/2024\/08\/Janela_Lourenco-2048x714.jpg 2048w\" sizes=\"auto, (max-width: 1024px) 100vw, 1024px\" \/><\/figure>\n\n\n\n<div style=\"height:13px\" aria-hidden=\"true\" class=\"wp-block-spacer\"><\/div>\n\n\n\n<div class=\"wp-block-group alignwide is-layout-flow wp-block-group-is-layout-flow\">\n<p class=\"has-text-align-left bodyText\" style=\"font-size:clamp(0.984rem, 0.984rem + ((1vw - 0.2rem) * 0.86), 1.5rem);\">Situada em Goi\u00e2nia, Goi\u00e1s, a GPS Company \u00e9 uma empresa tecnol\u00f3gica especializada em solu\u00e7\u00f5es de terceiriza\u00e7\u00e3o para os departamentos de controladoria, contabilidade e auditoria, utilizando recursos de Business Intelligence.<br><br>Desde 2017, atuamos no Centro-Oeste, atendendo revendas, distribuidoras, ind\u00fastrias, agroneg\u00f3cios e prestadoras de servi\u00e7os, de pequenas a grandes empresas.<br><br>Nosso time \u00e9 composto por profissionais multidisciplinares \u2013 contadores, administradores, programadores e advogados \u2013 com vasta experi\u00eancia adquirida em grandes empresas e especializa\u00e7\u00f5es focadas em metodologias de gest\u00e3o.<br><br>Nosso objetivo \u00e9 permitir que nossos clientes concentrem seus esfor\u00e7os na atividade-fim, proporcionando informa\u00e7\u00f5es gerenciais precisas e em tempo h\u00e1bil para apoiar decis\u00f5es estrat\u00e9gicas.<\/p>\n<\/div>\n\n\n\n<p><\/p>\n","protected":false},"excerpt":{"rendered":"<p>Situada em Goi\u00e2nia, Goi\u00e1s, a GPS Company \u00e9 uma empresa tecnol\u00f3gica especializada em solu\u00e7\u00f5es de terceiriza\u00e7\u00e3o para os departamentos de controladoria, contabilidade e auditoria, utilizando recursos de Business Intelligence. Desde 2017, atuamos no Centro-Oeste, atendendo revendas, distribuidoras, ind\u00fastrias, agroneg\u00f3cios e prestadoras de servi\u00e7os, de pequenas a grandes empresas. Nosso time \u00e9 composto por profissionais multidisciplinares [&hellip;]<\/p>\n","protected":false},"author":1,"featured_media":74,"parent":0,"menu_order":0,"comment_status":"closed","ping_status":"closed","template":"","meta":{"footnotes":""},"class_list":["post-18","page","type-page","status-publish","has-post-thumbnail","hentry"],"_links":{"self":[{"href":"https:\/\/www.gpscompany.com.br\/newsite\/wp-json\/wp\/v2\/pages\/18","targetHints":{"allow":["GET"]}}],"collection":[{"href":"https:\/\/www.gpscompany.com.br\/newsite\/wp-json\/wp\/v2\/pages"}],"about":[{"href":"https:\/\/www.gpscompany.com.br\/newsite\/wp-json\/wp\/v2\/types\/page"}],"author":[{"embeddable":true,"href":"https:\/\/www.gpscompany.com.br\/newsite\/wp-json\/wp\/v2\/users\/1"}],"replies":[{"embeddable":true,"href":"https:\/\/www.gpscompany.com.br\/newsite\/wp-json\/wp\/v2\/comments?post=18"}],"version-history":[{"count":20,"href":"https:\/\/www.gpscompany.com.br\/newsite\/wp-json\/wp\/v2\/pages\/18\/revisions"}],"predecessor-version":[{"id":529,"href":"https:\/\/www.gpscompany.com.br\/newsite\/wp-json\/wp\/v2\/pages\/18\/revisions\/529"}],"wp:featuredmedia":[{"embeddable":true,"href":"https:\/\/www.gpscompany.com.br\/newsite\/wp-json\/wp\/v2\/media\/74"}],"wp:attachment":[{"href":"https:\/\/www.gpscompany.com.br\/newsite\/wp-json\/wp\/v2\/media?parent=18"}],"curies":[{"name":"wp","href":"https:\/\/api.w.org\/{rel}","templated":true}]}}