{"id":21,"date":"2022-03-06T16:23:02","date_gmt":"2022-03-06T19:23:02","guid":{"rendered":"http:\/\/www.gpscompany.com.br\/newsite\/?page_id=21"},"modified":"2024-08-27T10:00:00","modified_gmt":"2024-08-27T13:00:00","slug":"porque-terceirizar-a-controladoria","status":"publish","type":"page","link":"https:\/\/www.gpscompany.com.br\/newsite\/porque-terceirizar-a-controladoria\/","title":{"rendered":"Porque Terceirizar a Controladoria?"},"content":{"rendered":"\n<div class=\"wp-block-cover alignfull is-light\" style=\"min-height:335px;aspect-ratio:unset;\"><span aria-hidden=\"true\" class=\"wp-block-cover__background has-background-dim-100 has-background-dim\" style=\"background-color:#ffffff\"><\/span><div class=\"wp-block-cover__inner-container has-global-padding is-layout-constrained wp-block-cover-is-layout-constrained\">\n<div class=\"wp-block-media-text alignwide is-stacked-on-mobile is-vertically-aligned-center is-image-fill\" style=\"grid-template-columns:56% auto\"><figure class=\"wp-block-media-text__media\" style=\"background-image:url(https:\/\/www.gpscompany.com.br\/newsite\/wp-content\/uploads\/2024\/08\/StockCake-Sunset-Control-Tower_1723662309-1024x574.webp);background-position:50% 50%\"><img loading=\"lazy\" decoding=\"async\" width=\"1024\" height=\"574\" src=\"https:\/\/www.gpscompany.com.br\/newsite\/wp-content\/uploads\/2024\/08\/StockCake-Sunset-Control-Tower_1723662309-1024x574.webp\" alt=\"\" class=\"wp-image-592 size-full\" srcset=\"https:\/\/www.gpscompany.com.br\/newsite\/wp-content\/uploads\/2024\/08\/StockCake-Sunset-Control-Tower_1723662309-1024x574.webp 1024w, https:\/\/www.gpscompany.com.br\/newsite\/wp-content\/uploads\/2024\/08\/StockCake-Sunset-Control-Tower_1723662309-300x168.webp 300w, https:\/\/www.gpscompany.com.br\/newsite\/wp-content\/uploads\/2024\/08\/StockCake-Sunset-Control-Tower_1723662309-768x430.webp 768w, https:\/\/www.gpscompany.com.br\/newsite\/wp-content\/uploads\/2024\/08\/StockCake-Sunset-Control-Tower_1723662309.webp 1456w\" sizes=\"auto, (max-width: 1024px) 100vw, 1024px\" \/><\/figure><div class=\"wp-block-media-text__content\">\n<p class=\"has-text-color\" style=\"color:#000000;font-size:clamp(14px, 0.875rem + ((1vw - 3.2px) * 0.313), 17px);\">A controladoria \u00e9 crucial para o sucesso empresarial, fornecendo informa\u00e7\u00f5es financeiras precisas que orientam a tomada de decis\u00f5es e o planejamento estrat\u00e9gico. Ela garante a efici\u00eancia, alinha as atividades com os objetivos corporativos e assegura conformidade com as regulamenta\u00e7\u00f5es, contribuindo para a governan\u00e7a corporativa. Ao otimizar recursos e fortalecer a transpar\u00eancia, a controladoria maximiza os lucros e promove o crescimento sustent\u00e1vel da empresa.<\/p>\n<\/div><\/div>\n<\/div><\/div>\n\n\n\n<div style=\"height:40px\" aria-hidden=\"true\" class=\"wp-block-spacer\"><\/div>\n\n\n\n<h2 class=\"wp-block-heading alignfull has-text-align-center bodyTit\"><strong>A Import\u00e2ncia da Controladoria para o Sucesso Empresarial<\/strong><\/h2>\n\n\n\n<div style=\"height:40px\" aria-hidden=\"true\" class=\"wp-block-spacer\"><\/div>\n\n\n\n<p class=\"bodyText\" style=\"font-size:clamp(0.929rem, 0.929rem + ((1vw - 0.2rem) * 0.785), 1.4rem);\">A controladoria desempenha um papel fundamental na gest\u00e3o empresarial, servindo como uma ferramenta estrat\u00e9gica indispens\u00e1vel para a tomada de decis\u00f5es assertivas e sustent\u00e1veis. Em um ambiente de neg\u00f3cios cada vez mais competitivo e din\u00e2mico, a controladoria se destaca como a guardi\u00e3 da efici\u00eancia, promovendo a integra\u00e7\u00e3o entre os diversos setores da empresa e assegurando que todas as atividades estejam alinhadas com os objetivos corporativos.<\/p>\n\n\n\n<p class=\"bodyText\" style=\"font-size:clamp(0.929rem, 0.929rem + ((1vw - 0.2rem) * 0.785), 1.4rem);\">Uma das principais fun\u00e7\u00f5es da controladoria \u00e9 fornecer informa\u00e7\u00f5es financeiras e operacionais precisas e atualizadas. Atrav\u00e9s da an\u00e1lise de dados cont\u00e1beis, financeiros e econ\u00f4micos, a controladoria oferece aos gestores uma vis\u00e3o abrangente sobre o desempenho da empresa. Isso permite identificar \u00e1reas de melhoria, otimizar recursos e, sobretudo, evitar desvios que possam comprometer os resultados.<\/p>\n\n\n\n<div style=\"height:35px\" aria-hidden=\"true\" class=\"wp-block-spacer\"><\/div>\n\n\n\n<div class=\"wp-block-group alignfull has-base-background-color has-background is-vertical is-nowrap is-layout-flex wp-container-core-group-is-layout-6fe931d8 wp-block-group-is-layout-flex\">\n<div class=\"wp-block-media-text alignfull has-media-on-the-right is-stacked-on-mobile\"><div class=\"wp-block-media-text__content\">\n<p class=\"has-text-align-center\" style=\"font-size:clamp(0.875rem, 0.875rem + ((1vw - 0.2rem) * 0.708), 1.3rem);\">Al\u00e9m disso, a controladoria atua como um farol para a empresa, orientando-a atrav\u00e9s do planejamento e controle or\u00e7ament\u00e1rio. Ao estabelecer metas claras e monitorar constantemente o cumprimento do or\u00e7amento, a controladoria ajuda a empresa a manter-se no caminho certo, evitando surpresas financeiras e permitindo ajustes r\u00e1pidos em resposta a mudan\u00e7as no mercado.<\/p>\n<\/div><figure class=\"wp-block-media-text__media\"><img loading=\"lazy\" decoding=\"async\" width=\"1456\" height=\"816\" src=\"https:\/\/www.gpscompany.com.br\/newsite\/wp-content\/uploads\/2024\/08\/StockCake-Confident-Professional-Speaker_1723474924.webp\" alt=\"\" class=\"wp-image-423 size-full\" srcset=\"https:\/\/www.gpscompany.com.br\/newsite\/wp-content\/uploads\/2024\/08\/StockCake-Confident-Professional-Speaker_1723474924.webp 1456w, https:\/\/www.gpscompany.com.br\/newsite\/wp-content\/uploads\/2024\/08\/StockCake-Confident-Professional-Speaker_1723474924-300x168.webp 300w, https:\/\/www.gpscompany.com.br\/newsite\/wp-content\/uploads\/2024\/08\/StockCake-Confident-Professional-Speaker_1723474924-1024x574.webp 1024w, https:\/\/www.gpscompany.com.br\/newsite\/wp-content\/uploads\/2024\/08\/StockCake-Confident-Professional-Speaker_1723474924-768x430.webp 768w\" sizes=\"auto, (max-width: 1456px) 100vw, 1456px\" \/><\/figure><\/div>\n\n\n\n<div class=\"wp-block-media-text is-stacked-on-mobile\"><figure class=\"wp-block-media-text__media\"><img loading=\"lazy\" decoding=\"async\" width=\"1024\" height=\"574\" src=\"https:\/\/www.gpscompany.com.br\/newsite\/wp-content\/uploads\/2024\/08\/StockCake-Professional-Business-Presentation_1723475096-1024x574.webp\" alt=\"\" class=\"wp-image-424 size-full\" srcset=\"https:\/\/www.gpscompany.com.br\/newsite\/wp-content\/uploads\/2024\/08\/StockCake-Professional-Business-Presentation_1723475096-1024x574.webp 1024w, https:\/\/www.gpscompany.com.br\/newsite\/wp-content\/uploads\/2024\/08\/StockCake-Professional-Business-Presentation_1723475096-300x168.webp 300w, https:\/\/www.gpscompany.com.br\/newsite\/wp-content\/uploads\/2024\/08\/StockCake-Professional-Business-Presentation_1723475096-768x430.webp 768w, https:\/\/www.gpscompany.com.br\/newsite\/wp-content\/uploads\/2024\/08\/StockCake-Professional-Business-Presentation_1723475096.webp 1456w\" sizes=\"auto, (max-width: 1024px) 100vw, 1024px\" \/><\/figure><div class=\"wp-block-media-text__content\">\n<p class=\"has-text-align-center\" style=\"font-size:clamp(0.875rem, 0.875rem + ((1vw - 0.2rem) * 0.708), 1.3rem);\">Outro aspecto vital da controladoria \u00e9 sua contribui\u00e7\u00e3o para a governan\u00e7a corporativa. Em um cen\u00e1rio onde a transpar\u00eancia e a conformidade s\u00e3o cada vez mais valorizadas, a controladoria assegura que a empresa atue de acordo com as regulamenta\u00e7\u00f5es vigentes e mantenha pr\u00e1ticas \u00e9ticas em todas as suas opera\u00e7\u00f5es. Isso n\u00e3o s\u00f3 protege a empresa contra riscos legais e reputacionais, mas tamb\u00e9m fortalece a confian\u00e7a dos investidores, clientes e demais stakeholders.<\/p>\n<\/div><\/div>\n<\/div>\n\n\n\n<div style=\"height:57px\" aria-hidden=\"true\" class=\"wp-block-spacer\"><\/div>\n\n\n\n<div class=\"wp-block-columns alignwide are-vertically-aligned-top is-layout-flex wp-container-core-columns-is-layout-28f84493 wp-block-columns-is-layout-flex\">\n<div class=\"wp-block-column is-vertically-aligned-top is-layout-flow wp-block-column-is-layout-flow\">\n<p class=\"has-text-align-center bodyText\" style=\"font-size:clamp(0.929rem, 0.929rem + ((1vw - 0.2rem) * 0.785), 1.4rem);\">Por fim, a controladoria n\u00e3o \u00e9 apenas uma fun\u00e7\u00e3o de suporte, mas um elemento central na cria\u00e7\u00e3o de valor para a empresa. Ao alinhar os esfor\u00e7os internos com a estrat\u00e9gia empresarial, a controladoria garante que os recursos sejam utilizados da maneira mais eficaz poss\u00edvel, maximizando os lucros e contribuindo para o crescimento sustent\u00e1vel do neg\u00f3cio.<\/p>\n<\/div>\n\n\n\n<div class=\"wp-block-column is-vertically-aligned-top is-layout-flow wp-block-column-is-layout-flow\">\n<p class=\"has-text-align-center bodyText\" style=\"font-size:clamp(0.929rem, 0.929rem + ((1vw - 0.2rem) * 0.785), 1.4rem);\">Em resumo, a controladoria \u00e9 essencial para a sa\u00fade financeira e operacional de qualquer empresa. Sua atua\u00e7\u00e3o permite uma gest\u00e3o mais eficiente, decis\u00f5es mais informadas e, em \u00faltima an\u00e1lise, maior competitividade no mercado. Empresas que investem na controladoria colhem os frutos de uma gest\u00e3o proativa, focada na excel\u00eancia e preparada para os desafios do futuro.<\/p>\n<\/div>\n<\/div>\n\n\n\n<div class=\"wp-block-group alignfull has-global-padding is-layout-constrained wp-container-core-group-is-layout-d89aad35 wp-block-group-is-layout-constrained\" style=\"margin-top:0;margin-bottom:0;padding-top:var(--wp--preset--spacing--50);padding-right:var(--wp--preset--spacing--50);padding-bottom:var(--wp--preset--spacing--50);padding-left:var(--wp--preset--spacing--50)\">\n<div class=\"wp-block-columns alignwide are-vertically-aligned-center is-layout-flex wp-container-core-columns-is-layout-47c06fe3 wp-block-columns-is-layout-flex\">\n<div class=\"wp-block-column is-vertically-aligned-center is-layout-flow wp-block-column-is-layout-flow\" style=\"flex-basis:50%\">\n<h2 class=\"wp-block-heading bodyTit\">Tenha uma experiencia de gest\u00e3o \u00fanica para seu neg\u00f3cio e saia na frente.<\/h2>\n\n\n\n<ul style=\"line-height:1.75\" class=\"wp-block-list is-style-checkmark-list\">\n<li class=\"bodyText\">Entre em contato.<\/li>\n\n\n\n<li class=\"bodyText\">Conhe\u00e7a nossos servi\u00e7os.<\/li>\n\n\n\n<li class=\"bodyText\">Vem tomar um caf\u00e9 com a gente \u00e9 sem compromisso.<\/li>\n<\/ul>\n\n\n\n<div class=\"wp-block-buttons is-layout-flex wp-block-buttons-is-layout-flex\">\n<div class=\"wp-block-button\"><a class=\"wp-block-button__link wp-element-button\" href=\"mailto:contato@gpscompany.com.br\" style=\"border-radius:15px\">Contate-nos<\/a><\/div>\n\n\n\n<div class=\"wp-block-button is-style-fill\"><a class=\"wp-block-button__link has-background wp-element-button\" href=\"https:\/\/wa.me\/556236370267?text=Ol\u00e1 gostaria de saber mais informa\u00e7\u00f5es!\" style=\"border-radius:15px;background-color:#25d366\" target=\"_blank\" rel=\"noreferrer noopener\">WhatsApp<\/a><\/div>\n<\/div>\n<\/div>\n\n\n\n<div class=\"wp-block-column is-vertically-aligned-center is-layout-flow wp-block-column-is-layout-flow\" style=\"flex-basis:50%\">\n<figure class=\"wp-block-image size-full is-style-rounded is-style-rounded--1\"><img loading=\"lazy\" decoding=\"async\" width=\"1024\" height=\"1024\" src=\"https:\/\/www.gpscompany.com.br\/newsite\/wp-content\/uploads\/2024\/08\/StockCake-Karting-Thrill-Ride_1723476142.webp\" alt=\"\" class=\"wp-image-431\" style=\"aspect-ratio:4\/3;object-fit:cover\" srcset=\"https:\/\/www.gpscompany.com.br\/newsite\/wp-content\/uploads\/2024\/08\/StockCake-Karting-Thrill-Ride_1723476142.webp 1024w, https:\/\/www.gpscompany.com.br\/newsite\/wp-content\/uploads\/2024\/08\/StockCake-Karting-Thrill-Ride_1723476142-300x300.webp 300w, https:\/\/www.gpscompany.com.br\/newsite\/wp-content\/uploads\/2024\/08\/StockCake-Karting-Thrill-Ride_1723476142-150x150.webp 150w, https:\/\/www.gpscompany.com.br\/newsite\/wp-content\/uploads\/2024\/08\/StockCake-Karting-Thrill-Ride_1723476142-768x768.webp 768w\" sizes=\"auto, (max-width: 1024px) 100vw, 1024px\" \/><figcaption class=\"wp-element-caption\"><a href=\"https:\/\/stockcake.com\/i\/karting-thrill-ride_343776_518933\">Photo by Stockcake<\/a><\/figcaption><\/figure>\n<\/div>\n<\/div>\n<\/div>\n\n\n\n<p><\/p>\n","protected":false},"excerpt":{"rendered":"<p>A Import\u00e2ncia da Controladoria para o Sucesso Empresarial A controladoria desempenha um papel fundamental na gest\u00e3o empresarial, servindo como uma ferramenta estrat\u00e9gica indispens\u00e1vel para a tomada de decis\u00f5es assertivas e sustent\u00e1veis. Em um ambiente de neg\u00f3cios cada vez mais competitivo e din\u00e2mico, a controladoria se destaca como a guardi\u00e3 da efici\u00eancia, promovendo a integra\u00e7\u00e3o entre [&hellip;]<\/p>\n","protected":false},"author":1,"featured_media":67,"parent":0,"menu_order":0,"comment_status":"closed","ping_status":"closed","template":"","meta":{"footnotes":""},"class_list":["post-21","page","type-page","status-publish","has-post-thumbnail","hentry"],"_links":{"self":[{"href":"https:\/\/www.gpscompany.com.br\/newsite\/wp-json\/wp\/v2\/pages\/21","targetHints":{"allow":["GET"]}}],"collection":[{"href":"https:\/\/www.gpscompany.com.br\/newsite\/wp-json\/wp\/v2\/pages"}],"about":[{"href":"https:\/\/www.gpscompany.com.br\/newsite\/wp-json\/wp\/v2\/types\/page"}],"author":[{"embeddable":true,"href":"https:\/\/www.gpscompany.com.br\/newsite\/wp-json\/wp\/v2\/users\/1"}],"replies":[{"embeddable":true,"href":"https:\/\/www.gpscompany.com.br\/newsite\/wp-json\/wp\/v2\/comments?post=21"}],"version-history":[{"count":28,"href":"https:\/\/www.gpscompany.com.br\/newsite\/wp-json\/wp\/v2\/pages\/21\/revisions"}],"predecessor-version":[{"id":973,"href":"https:\/\/www.gpscompany.com.br\/newsite\/wp-json\/wp\/v2\/pages\/21\/revisions\/973"}],"wp:featuredmedia":[{"embeddable":true,"href":"https:\/\/www.gpscompany.com.br\/newsite\/wp-json\/wp\/v2\/media\/67"}],"wp:attachment":[{"href":"https:\/\/www.gpscompany.com.br\/newsite\/wp-json\/wp\/v2\/media?parent=21"}],"curies":[{"name":"wp","href":"https:\/\/api.w.org\/{rel}","templated":true}]}}