{"id":467,"date":"2024-08-13T13:57:20","date_gmt":"2024-08-13T16:57:20","guid":{"rendered":"https:\/\/www.gpscompany.com.br\/newsite\/?page_id=467"},"modified":"2024-08-27T09:59:09","modified_gmt":"2024-08-27T12:59:09","slug":"a-relevancia-da-contabilidade-no-mundo-empresarial","status":"publish","type":"page","link":"https:\/\/www.gpscompany.com.br\/newsite\/a-relevancia-da-contabilidade-no-mundo-empresarial\/","title":{"rendered":"A Relev\u00e2ncia da Contabilidade no Mundo Empresarial"},"content":{"rendered":"\n<div class=\"wp-block-cover alignfull is-light\" style=\"min-height:335px;aspect-ratio:unset;\"><span aria-hidden=\"true\" class=\"wp-block-cover__background has-background-dim-100 has-background-dim\" style=\"background-color:#ffffff\"><\/span><div class=\"wp-block-cover__inner-container has-global-padding is-layout-constrained wp-block-cover-is-layout-constrained\">\n<div class=\"wp-block-media-text alignwide is-stacked-on-mobile is-vertically-aligned-center is-image-fill\" style=\"grid-template-columns:56% auto\"><figure class=\"wp-block-media-text__media\" style=\"background-image:url(https:\/\/www.gpscompany.com.br\/newsite\/wp-content\/uploads\/2024\/08\/vecteezy_panoramic-banner-of-business-partner-meeting-in-success_6831704-1024x384.webp);background-position:50% 50%\"><img loading=\"lazy\" decoding=\"async\" width=\"1024\" height=\"384\" src=\"https:\/\/www.gpscompany.com.br\/newsite\/wp-content\/uploads\/2024\/08\/vecteezy_panoramic-banner-of-business-partner-meeting-in-success_6831704-1024x384.webp\" alt=\"\" class=\"wp-image-501 size-full\" srcset=\"https:\/\/www.gpscompany.com.br\/newsite\/wp-content\/uploads\/2024\/08\/vecteezy_panoramic-banner-of-business-partner-meeting-in-success_6831704-1024x384.webp 1024w, https:\/\/www.gpscompany.com.br\/newsite\/wp-content\/uploads\/2024\/08\/vecteezy_panoramic-banner-of-business-partner-meeting-in-success_6831704-300x113.webp 300w, https:\/\/www.gpscompany.com.br\/newsite\/wp-content\/uploads\/2024\/08\/vecteezy_panoramic-banner-of-business-partner-meeting-in-success_6831704-768x288.webp 768w, https:\/\/www.gpscompany.com.br\/newsite\/wp-content\/uploads\/2024\/08\/vecteezy_panoramic-banner-of-business-partner-meeting-in-success_6831704-1536x576.webp 1536w, https:\/\/www.gpscompany.com.br\/newsite\/wp-content\/uploads\/2024\/08\/vecteezy_panoramic-banner-of-business-partner-meeting-in-success_6831704-2048x768.webp 2048w\" sizes=\"auto, (max-width: 1024px) 100vw, 1024px\" \/><\/figure><div class=\"wp-block-media-text__content\">\n<p class=\"has-text-color\" style=\"color:#000000;font-size:clamp(14px, 0.875rem + ((1vw - 3.2px) * 0.313), 17px);\">A contabilidade \u00e9 essencial para registrar e interpretar informa\u00e7\u00f5es financeiras, orientando decis\u00f5es estrat\u00e9gicas e assegurando a conformidade legal. Ela fornece uma vis\u00e3o clara da sa\u00fade financeira da empresa, fortalece a confian\u00e7a dos investidores e facilita a gest\u00e3o eficiente dos recursos, garantindo a sustentabilidade e o crescimento do neg\u00f3cio.<\/p>\n\n\n\n<p class=\"has-base-color has-text-color has-link-color wp-elements-540406cad93ddb5184909a56f28d3441\" style=\"font-size:3px\"><a href=\"https:\/\/www.vecteezy.com\/free-photos\/business\">Business Fotos de Arquivo por Vecteezy<\/a><\/p>\n<\/div><\/div>\n<\/div><\/div>\n\n\n\n<div style=\"height:40px\" aria-hidden=\"true\" class=\"wp-block-spacer\"><\/div>\n\n\n\n<h2 class=\"wp-block-heading alignwide has-text-align-center bodyTit\"><strong>A Relev\u00e2ncia da Contabilidade no Mundo Empresarial<\/strong><\/h2>\n\n\n\n<div style=\"height:40px\" aria-hidden=\"true\" class=\"wp-block-spacer\"><\/div>\n\n\n\n<p class=\"has-text-align-left bodyText\" style=\"font-size:clamp(0.929rem, 0.929rem + ((1vw - 0.2rem) * 0.785), 1.4rem);\">A contabilidade \u00e9 a espinha dorsal de qualquer organiza\u00e7\u00e3o, sendo respons\u00e1vel por registrar, organizar e interpretar as informa\u00e7\u00f5es financeiras que fundamentam todas as atividades empresariais. Sua import\u00e2ncia vai muito al\u00e9m da mera tarefa de contabilizar receitas e despesas; a contabilidade \u00e9 essencial para a gest\u00e3o eficaz dos recursos de uma empresa, fornecendo uma base s\u00f3lida para a tomada de decis\u00f5es informadas e estrat\u00e9gicas.<br><br>No cora\u00e7\u00e3o da contabilidade est\u00e1 a sua capacidade de fornecer uma vis\u00e3o clara e detalhada da sa\u00fade financeira de uma empresa. Atrav\u00e9s de relat\u00f3rios financeiros precisos, os gestores podem avaliar o desempenho econ\u00f4mico, identificar tend\u00eancias e fazer proje\u00e7\u00f5es que orientam o planejamento futuro. Essas informa\u00e7\u00f5es s\u00e3o cruciais para ajustar estrat\u00e9gias, alocar recursos de maneira eficiente e garantir a sustentabilidade do neg\u00f3cio.<\/p>\n\n\n\n<div style=\"height:40px\" aria-hidden=\"true\" class=\"wp-block-spacer\"><\/div>\n\n\n\n<div class=\"wp-block-group alignfull has-base-background-color has-background is-vertical is-nowrap is-layout-flex wp-container-core-group-is-layout-6fe931d8 wp-block-group-is-layout-flex\">\n<div class=\"wp-block-media-text alignfull has-media-on-the-right is-stacked-on-mobile\"><div class=\"wp-block-media-text__content\">\n<p style=\"font-size:clamp(0.929rem, 0.929rem + ((1vw - 0.2rem) * 0.785), 1.4rem);\">Al\u00e9m disso, a contabilidade desempenha um papel vital na conformidade legal. Em um ambiente regulat\u00f3rio cada vez mais complexo, manter registros financeiros precisos e transparentes \u00e9 uma exig\u00eancia fundamental. A contabilidade garante que a empresa cumpra todas as obriga\u00e7\u00f5es fiscais e legais, evitando san\u00e7\u00f5es e protegendo a reputa\u00e7\u00e3o da organiza\u00e7\u00e3o.<\/p>\n\n\n\n<p class=\"has-base-color has-text-color has-link-color wp-elements-1643dfebbb28de3fcdfaf871a6ebb190\"><a href=\"https:\/\/br.freepik.com\/fotos-gratis\/empresario-sorridente-escrevendo-relatorio-de-negocios-enquanto-trabalhava-no-laptop-no-escritorio_25591171.htm#fromView=search&amp;page=1&amp;position=31&amp;uuid=60defce1-1b77-4493-8e57-8e03938267e0\" target=\"_blank\" rel=\"noreferrer noopener\">Photo by Stockcake<\/a><\/p>\n<\/div><figure class=\"wp-block-media-text__media\"><img loading=\"lazy\" decoding=\"async\" width=\"1024\" height=\"574\" src=\"https:\/\/www.gpscompany.com.br\/newsite\/wp-content\/uploads\/2024\/08\/StockCake-Creative-Professional-Presenting_1723566010-1024x574.webp\" alt=\"\" class=\"wp-image-487 size-full\" srcset=\"https:\/\/www.gpscompany.com.br\/newsite\/wp-content\/uploads\/2024\/08\/StockCake-Creative-Professional-Presenting_1723566010-1024x574.webp 1024w, https:\/\/www.gpscompany.com.br\/newsite\/wp-content\/uploads\/2024\/08\/StockCake-Creative-Professional-Presenting_1723566010-300x168.webp 300w, https:\/\/www.gpscompany.com.br\/newsite\/wp-content\/uploads\/2024\/08\/StockCake-Creative-Professional-Presenting_1723566010-768x430.webp 768w, https:\/\/www.gpscompany.com.br\/newsite\/wp-content\/uploads\/2024\/08\/StockCake-Creative-Professional-Presenting_1723566010.webp 1456w\" sizes=\"auto, (max-width: 1024px) 100vw, 1024px\" \/><\/figure><\/div>\n\n\n\n<div class=\"wp-block-media-text alignfull is-stacked-on-mobile\"><figure class=\"wp-block-media-text__media\"><img loading=\"lazy\" decoding=\"async\" width=\"1024\" height=\"574\" src=\"https:\/\/www.gpscompany.com.br\/newsite\/wp-content\/uploads\/2024\/08\/StockCake-Business-Team-Meeting_1723566562-1024x574.webp\" alt=\"\" class=\"wp-image-489 size-full\" srcset=\"https:\/\/www.gpscompany.com.br\/newsite\/wp-content\/uploads\/2024\/08\/StockCake-Business-Team-Meeting_1723566562-1024x574.webp 1024w, https:\/\/www.gpscompany.com.br\/newsite\/wp-content\/uploads\/2024\/08\/StockCake-Business-Team-Meeting_1723566562-300x168.webp 300w, https:\/\/www.gpscompany.com.br\/newsite\/wp-content\/uploads\/2024\/08\/StockCake-Business-Team-Meeting_1723566562-768x430.webp 768w, https:\/\/www.gpscompany.com.br\/newsite\/wp-content\/uploads\/2024\/08\/StockCake-Business-Team-Meeting_1723566562.webp 1456w\" sizes=\"auto, (max-width: 1024px) 100vw, 1024px\" \/><\/figure><div class=\"wp-block-media-text__content\">\n<p style=\"font-size:clamp(0.929rem, 0.929rem + ((1vw - 0.2rem) * 0.785), 1.4rem);\">Outro aspecto crucial da contabilidade \u00e9 seu papel na comunica\u00e7\u00e3o com stakeholders externos, como investidores, credores e \u00f3rg\u00e3os reguladores. Relat\u00f3rios financeiros bem elaborados n\u00e3o apenas atendem \u00e0s exig\u00eancias legais, mas tamb\u00e9m fortalecem a confian\u00e7a dos investidores, demonstrando a solidez financeira da empresa e sua capacidade de gerar valor a longo prazo.<\/p>\n\n\n\n<p class=\"has-base-color has-text-color has-link-color wp-elements-98ea88b9501bf91a9fe67deb8d57ddb1\"><a href=\"https:\/\/stockcake.com\/i\/business-team-meeting_71402_4147\">Photo by Stockcake<\/a><\/p>\n<\/div><\/div>\n<\/div>\n\n\n\n<div style=\"height:57px\" aria-hidden=\"true\" class=\"wp-block-spacer\"><\/div>\n\n\n\n<div class=\"wp-block-group alignwide is-nowrap is-layout-flex wp-container-core-group-is-layout-f66f9956 wp-block-group-is-layout-flex\">\n<p class=\"has-text-align-center bodyText\" style=\"font-size:clamp(0.929rem, 0.929rem + ((1vw - 0.2rem) * 0.785), 1.4rem);\">Por fim, a contabilidade tamb\u00e9m tem um impacto direto no dia a dia da empresa, influenciando desde o controle de custos at\u00e9 a gest\u00e3o do fluxo de caixa. Ao monitorar constantemente as finan\u00e7as, a contabilidade permite que a empresa mantenha um equil\u00edbrio saud\u00e1vel entre receitas e despesas, assegurando a liquidez necess\u00e1ria para operar de forma eficiente e crescer de maneira sustent\u00e1vel.<\/p>\n\n\n\n<p class=\"has-text-align-center bodyText\" style=\"font-size:clamp(0.929rem, 0.929rem + ((1vw - 0.2rem) * 0.785), 1.4rem);\">Em suma, a contabilidade \u00e9 muito mais do que uma fun\u00e7\u00e3o administrativa; ela \u00e9 um pilar fundamental para a gest\u00e3o empresarial. Sua atua\u00e7\u00e3o garante n\u00e3o apenas a conformidade e a transpar\u00eancia, mas tamb\u00e9m oferece as ferramentas necess\u00e1rias para que os gestores tomem decis\u00f5es estrat\u00e9gicas e mantenham a empresa no caminho do sucesso.<\/p>\n<\/div>\n\n\n\n<div class=\"wp-block-group alignfull has-global-padding is-layout-constrained wp-container-core-group-is-layout-d89aad35 wp-block-group-is-layout-constrained\" style=\"margin-top:0;margin-bottom:0;padding-top:var(--wp--preset--spacing--50);padding-right:var(--wp--preset--spacing--50);padding-bottom:var(--wp--preset--spacing--50);padding-left:var(--wp--preset--spacing--50)\">\n<div class=\"wp-block-columns alignwide are-vertically-aligned-center is-layout-flex wp-container-core-columns-is-layout-47c06fe3 wp-block-columns-is-layout-flex\">\n<div class=\"wp-block-column is-vertically-aligned-center is-layout-flow wp-block-column-is-layout-flow\" style=\"flex-basis:50%\">\n<h2 class=\"wp-block-heading bodyTit\">Vem falar com a gente e descubra como a contabilidade pode transformar seu neg\u00f3cio!<\/h2>\n\n\n\n<ul style=\"line-height:1.75\" class=\"wp-block-list is-style-checkmark-list\">\n<li class=\"bodyText\">Entre em contato.<\/li>\n\n\n\n<li class=\"bodyText\">Conhe\u00e7a nossos servi\u00e7os.<\/li>\n\n\n\n<li class=\"bodyText\">Vem tomar um caf\u00e9 com a gente \u00e9 sem compromisso.<\/li>\n<\/ul>\n\n\n\n<div class=\"wp-block-buttons is-layout-flex wp-block-buttons-is-layout-flex\">\n<div class=\"wp-block-button\"><a class=\"wp-block-button__link wp-element-button\" href=\"mailto:contato@gpscompany.com.br\" style=\"border-radius:15px\">Contate-nos<\/a><\/div>\n\n\n\n<div class=\"wp-block-button is-style-fill\"><a class=\"wp-block-button__link has-background wp-element-button\" href=\"https:\/\/wa.me\/556236370267?text=Ol\u00e1 gostaria de saber mais informa\u00e7\u00f5es!\" style=\"border-radius:15px;background-color:#25d366\" target=\"_blank\" rel=\"noreferrer noopener\">WhatsApp<\/a><\/div>\n<\/div>\n<\/div>\n\n\n\n<div class=\"wp-block-column is-vertically-aligned-center is-layout-flow wp-block-column-is-layout-flow\" style=\"flex-basis:50%\">\n<figure class=\"wp-block-image size-full is-style-rounded is-style-rounded--1\"><img loading=\"lazy\" decoding=\"async\" width=\"1024\" height=\"1024\" src=\"https:\/\/www.gpscompany.com.br\/newsite\/wp-content\/uploads\/2024\/08\/StockCake-Welcoming-Business-Professional_1723566844.webp\" alt=\"\" class=\"wp-image-492\" style=\"aspect-ratio:4\/3;object-fit:cover\" srcset=\"https:\/\/www.gpscompany.com.br\/newsite\/wp-content\/uploads\/2024\/08\/StockCake-Welcoming-Business-Professional_1723566844.webp 1024w, https:\/\/www.gpscompany.com.br\/newsite\/wp-content\/uploads\/2024\/08\/StockCake-Welcoming-Business-Professional_1723566844-300x300.webp 300w, https:\/\/www.gpscompany.com.br\/newsite\/wp-content\/uploads\/2024\/08\/StockCake-Welcoming-Business-Professional_1723566844-150x150.webp 150w, https:\/\/www.gpscompany.com.br\/newsite\/wp-content\/uploads\/2024\/08\/StockCake-Welcoming-Business-Professional_1723566844-768x768.webp 768w\" sizes=\"auto, (max-width: 1024px) 100vw, 1024px\" \/><figcaption class=\"wp-element-caption\"><a href=\"https:\/\/stockcake.com\/i\/welcoming-business-professional_942945_24397\">Photo by Stockcake<\/a><\/figcaption><\/figure>\n<\/div>\n<\/div>\n<\/div>\n\n\n\n<p><\/p>\n","protected":false},"excerpt":{"rendered":"<p>A Relev\u00e2ncia da Contabilidade no Mundo Empresarial A contabilidade \u00e9 a espinha dorsal de qualquer organiza\u00e7\u00e3o, sendo respons\u00e1vel por registrar, organizar e interpretar as informa\u00e7\u00f5es financeiras que fundamentam todas as atividades empresariais. Sua import\u00e2ncia vai muito al\u00e9m da mera tarefa de contabilizar receitas e despesas; a contabilidade \u00e9 essencial para a gest\u00e3o eficaz dos recursos [&hellip;]<\/p>\n","protected":false},"author":1,"featured_media":484,"parent":0,"menu_order":0,"comment_status":"closed","ping_status":"closed","template":"","meta":{"footnotes":""},"class_list":["post-467","page","type-page","status-publish","has-post-thumbnail","hentry"],"_links":{"self":[{"href":"https:\/\/www.gpscompany.com.br\/newsite\/wp-json\/wp\/v2\/pages\/467","targetHints":{"allow":["GET"]}}],"collection":[{"href":"https:\/\/www.gpscompany.com.br\/newsite\/wp-json\/wp\/v2\/pages"}],"about":[{"href":"https:\/\/www.gpscompany.com.br\/newsite\/wp-json\/wp\/v2\/types\/page"}],"author":[{"embeddable":true,"href":"https:\/\/www.gpscompany.com.br\/newsite\/wp-json\/wp\/v2\/users\/1"}],"replies":[{"embeddable":true,"href":"https:\/\/www.gpscompany.com.br\/newsite\/wp-json\/wp\/v2\/comments?post=467"}],"version-history":[{"count":34,"href":"https:\/\/www.gpscompany.com.br\/newsite\/wp-json\/wp\/v2\/pages\/467\/revisions"}],"predecessor-version":[{"id":972,"href":"https:\/\/www.gpscompany.com.br\/newsite\/wp-json\/wp\/v2\/pages\/467\/revisions\/972"}],"wp:featuredmedia":[{"embeddable":true,"href":"https:\/\/www.gpscompany.com.br\/newsite\/wp-json\/wp\/v2\/media\/484"}],"wp:attachment":[{"href":"https:\/\/www.gpscompany.com.br\/newsite\/wp-json\/wp\/v2\/media?parent=467"}],"curies":[{"name":"wp","href":"https:\/\/api.w.org\/{rel}","templated":true}]}}