{"id":612,"date":"2024-08-17T17:04:53","date_gmt":"2024-08-17T20:04:53","guid":{"rendered":"https:\/\/www.gpscompany.com.br\/newsite\/?page_id=612"},"modified":"2024-08-19T19:26:56","modified_gmt":"2024-08-19T22:26:56","slug":"noticias","status":"publish","type":"page","link":"https:\/\/www.gpscompany.com.br\/newsite\/noticias\/","title":{"rendered":"Noticias"},"content":{"rendered":"\n<div class=\"wp-block-group alignwide bodyFeed is-layout-flow wp-block-group-is-layout-flow\">\n<h2 class=\"wp-block-heading bodyTit\">\u00daltimas Not\u00edcias<\/h2>\n\n\n\n<hr class=\"wp-block-separator has-text-color has-contrast-3-color has-alpha-channel-opacity has-contrast-3-background-color has-background is-style-wide\"\/>\n\n\n\n<div class=\"wp-block-columns bodyText is-layout-flex wp-container-core-columns-is-layout-28f84493 wp-block-columns-is-layout-flex\">\n<div class=\"wp-block-column is-layout-flow wp-block-column-is-layout-flow\">\n<figure class=\"wp-block-image aligncenter size-full is-resized is-style-rounded is-style-rounded--1\"><a href=\"https:\/\/www.bbc.com\/portuguese\" target=\"_blank\" rel=\"noreferrer noopener\"><img loading=\"lazy\" decoding=\"async\" width=\"399\" height=\"75\" src=\"https:\/\/www.gpscompany.com.br\/newsite\/wp-content\/uploads\/2024\/08\/BBC_Brasil.png\" alt=\"\" class=\"wp-image-837\" style=\"width:398px\" srcset=\"https:\/\/www.gpscompany.com.br\/newsite\/wp-content\/uploads\/2024\/08\/BBC_Brasil.png 399w, https:\/\/www.gpscompany.com.br\/newsite\/wp-content\/uploads\/2024\/08\/BBC_Brasil-300x56.png 300w\" sizes=\"auto, (max-width: 399px) 100vw, 399px\" \/><\/a><\/figure>\n\n\n\n<!DOCTYPE html>\n<html lang=\"pt-BR\">\n<head>\n    <meta charset=\"UTF-8\">\n    <meta name=\"viewport\" content=\"width=device-width, initial-scale=1.0\">\n    <title>Feed RSS<\/title>\n    <style>\n        #feedContainer1 {\n            width: auto;\n            height: 690px;\n            overflow: auto;\n            padding: 10px;\n        }\n\n        #feedContainer1 .feed-item {\n            margin-bottom: 15px;\n        }\n\n        #feedContainer1 .feed-item h3 {\n            margin: 0;\n            font-size: 18px;\n            font-family: 'Ubuntu', sans-serif;\n        }\n\n        #feedContainer1 .feed-item p {\n            margin: 5px 0;\n            font-size: 14px;\n        }\n\n        #feedContainer1 .feed-item a {\n            color: #0099FF;\n            text-decoration: none;\n        }\n\n         #feedContainer1 .feed-item .meta {\n            color: #E2E8EB;\n            font-size: 12px;\n        }\n\n        #feedContainer1 .feed-item img {\n            max-width: 100%;\n            height: auto;\n            display: block;\n            margin-bottom: 10px;\n        }\n\n        \/* Estilos para barra de rolagem sem fundo *\/\n        #feedContainer1::-webkit-scrollbar {\n            width: 10px;\n        }\n\n        #feedContainer1::-webkit-scrollbar-track {\n            background: transparent;\n        }\n\n        #feedContainer1::-webkit-scrollbar-thumb {\n            background-color: #888;\n            border-radius: 10px;\n        }\n\n        #feedContainer1 {\n            scrollbar-width: thin;\n            scrollbar-color: #888 transparent;\n        }\n    <\/style>\n<\/head>\n<body>\n   <!-- <h3 class=\"bodyTit\">Feed RSS<\/h3> -->\n    <div id=\"feedContainer1\"><\/div>\n\n    <script>\n        const feedUrl1 = 'https:\/\/feeds.bbci.co.uk\/portuguese\/rss.xml'; \/\/ Altere para o RSS desejado\n\n        async function loadFeed1() {\n            try {\n                const response = await fetch(`https:\/\/api.rss2json.com\/v1\/api.json?rss_url=${encodeURIComponent(feedUrl1)}`);\n                const data = await response.json();\n\n                const feedContainer = document.getElementById('feedContainer1');\n                feedContainer.innerHTML = '';\n\n                data.items.forEach(item => {\n                    const feedItem = document.createElement('div');\n                    feedItem.className = 'feed-item';\n\n                    \/\/ T\u00edtulo\n                    const title = document.createElement('h3');\n                    title.innerHTML = `<a href=\"${item.link}\" target=\"_blank\">${item.title}<\/a>`;\n                    feedItem.appendChild(title);\n\n                    \/\/ Data e Autor\n                    const meta = document.createElement('p');\n                    meta.className = 'meta';\n                    const date = new Date(item.pubDate).toLocaleDateString('pt-BR');\n                    const author = item.author ? item.author : 'Autor desconhecido';\n                    meta.textContent = `${date} - ${author}`;\n                    feedItem.appendChild(meta);\n\n                    \/\/ Verifica a presen\u00e7a da imagem\n                    let imageUrl = item.thumbnail || (item.enclosure && item.enclosure.url) || '';\n\n                    \/\/ Verifica o campo \"media:content\" ou \"media:thumbnail\"\n                    if (!imageUrl) {\n                        const contentWithImage = item.content || '';\n                        const imageMatch = contentWithImage.match(\/<img[^>]+src=\"([^\">]+)\"\/);\n                        if (imageMatch && imageMatch[1]) {\n                            imageUrl = imageMatch[1];\n                        }\n                    }\n\n                    if (imageUrl) {\n                        const image = document.createElement('img');\n                        image.src = imageUrl;\n                        image.alt = item.title;\n                        feedItem.appendChild(image);\n                    }\n\n                    \/\/ Resumo\n                    let description = item.description.replace(\/<[^>]*>\/g, ''); \/\/ Remove tags HTML\n                    description = description.replace(item.link, ''); \/\/ Remove o link da descri\u00e7\u00e3o\n                    description = description.split(' ').slice(0, 55).join(' ') + '...';\n\n                    const summary = document.createElement('p');\n                    summary.innerHTML = `${description} <a href=\"${item.link}\" target=\"_blank\">Leia mais em<\/a>`;\n                    feedItem.appendChild(summary);\n\n                    feedContainer.appendChild(feedItem);\n                });\n            } catch (error) {\n                console.error('Erro ao carregar o feed RSS:', error);\n            }\n        }\n\n        loadFeed1();\n    <\/script>\n<\/body>\n<\/html>\n<\/div>\n\n\n\n<div class=\"wp-block-column is-layout-flow wp-block-column-is-layout-flow\">\n<figure class=\"wp-block-image aligncenter size-full is-resized is-style-rounded is-style-rounded--2\"><a href=\"https:\/\/www.contabeis.com.br\/\" target=\"_blank\" rel=\"noreferrer noopener\"><img loading=\"lazy\" decoding=\"async\" width=\"399\" height=\"75\" src=\"https:\/\/www.gpscompany.com.br\/newsite\/wp-content\/uploads\/2024\/08\/Site_Contabeis.png\" alt=\"\" class=\"wp-image-839\" style=\"width:398px\" srcset=\"https:\/\/www.gpscompany.com.br\/newsite\/wp-content\/uploads\/2024\/08\/Site_Contabeis.png 399w, https:\/\/www.gpscompany.com.br\/newsite\/wp-content\/uploads\/2024\/08\/Site_Contabeis-300x56.png 300w\" sizes=\"auto, (max-width: 399px) 100vw, 399px\" \/><\/a><\/figure>\n\n\n\n<!DOCTYPE html>\n<html lang=\"pt-BR\">\n<head>\n    <meta charset=\"UTF-8\">\n    <meta name=\"viewport\" content=\"width=device-width, initial-scale=1.0\">\n    <title>Feed RSS<\/title>\n    <style>\n        #feedContainer2 {\n            width: auto;\n            height: 690px;\n            overflow: auto;\n            padding: 10px;\n        }\n\n        #feedContainer2 .feed-item {\n            margin-bottom: 15px;\n        }\n\n        #feedContainer2 .feed-item h3 {\n            margin: 0;\n            font-size: 18px;\n            font-family: 'Ubuntu', sans-serif;\n        }\n\n        #feedContainer2 .feed-item p {\n            margin: 5px 0;\n            font-size: 14px;\n        }\n\n        #feedContainer2 .feed-item a {\n            color: #0099FF;\n            text-decoration: none;\n        }\n\n         #feedContainer2 .feed-item .meta {\n            color: #E2E8EB;\n            font-size: 12px;\n        }\n\n        #feedContainer2 .feed-item img {\n            max-width: 100%;\n            height: auto;\n            display: block;\n            margin-bottom: 10px;\n        }\n\n        \/* Estilos para barra de rolagem sem fundo *\/\n        #feedContainer2::-webkit-scrollbar {\n            width: 10px;\n        }\n\n        #feedContainer2::-webkit-scrollbar-track {\n            background: transparent;\n        }\n\n        #feedContainer2::-webkit-scrollbar-thumb {\n            background-color: #888;\n            border-radius: 10px;\n        }\n\n        #feedContainer2 {\n            scrollbar-width: thin;\n            scrollbar-color: #888 transparent;\n        }\n    <\/style>\n<\/head>\n<body>\n   <!-- <h3 class=\"bodyTit\">Feed RSS<\/h3>-->\n    <div id=\"feedContainer2\"><\/div>\n\n    <script>\n        const feedUrl2 = 'https:\/\/www.contabeis.com.br\/rss\/conteudo\/'; \/\/ Altere para o RSS desejado\n\n        async function loadFeed2() {\n            try {\n                const response = await fetch(`https:\/\/api.rss2json.com\/v1\/api.json?rss_url=${encodeURIComponent(feedUrl2)}`);\n                const data = await response.json();\n\n                const feedContainer = document.getElementById('feedContainer2');\n                feedContainer.innerHTML = '';\n\n                data.items.forEach(item => {\n                    const feedItem = document.createElement('div');\n                    feedItem.className = 'feed-item';\n\n                    \/\/ T\u00edtulo\n                    const title = document.createElement('h3');\n                    title.innerHTML = `<a href=\"${item.link}\" target=\"_blank\">${item.title}<\/a>`;\n                    feedItem.appendChild(title);\n\n                    \/\/ Data e Autor\n                    const meta = document.createElement('p');\n                    meta.className = 'meta';\n                    const date = new Date(item.pubDate).toLocaleDateString('pt-BR');\n                    const author = item.author ? item.author : 'Autor desconhecido';\n                    meta.textContent = `${date} - ${author}`;\n                    feedItem.appendChild(meta);\n\n                    \/\/ Verifica a presen\u00e7a da imagem\n                    let imageUrl = item.thumbnail || (item.enclosure && item.enclosure.url) || '';\n\n                    \/\/ Verifica o campo \"media:content\" ou \"media:thumbnail\"\n                    if (!imageUrl) {\n                        const contentWithImage = item.content || '';\n                        const imageMatch = contentWithImage.match(\/<img[^>]+src=\"([^\">]+)\"\/);\n                        if (imageMatch && imageMatch[1]) {\n                            imageUrl = imageMatch[1];\n                        }\n                    }\n\n                    if (imageUrl) {\n                        const image = document.createElement('img');\n                        image.src = imageUrl;\n                        image.alt = item.title;\n                        feedItem.appendChild(image);\n                    }\n\n                    \/\/ Resumo\n                    let description = item.description.replace(\/<[^>]*>\/g, ''); \/\/ Remove tags HTML\n                    description = description.replace(item.link, ''); \/\/ Remove o link da descri\u00e7\u00e3o\n                    description = description.split(' ').slice(0, 55).join(' ') + '...';\n\n                    const summary = document.createElement('p');\n                    summary.innerHTML = `${description} <a href=\"${item.link}\" target=\"_blank\">Leia mais em<\/a>`;\n                    feedItem.appendChild(summary);\n\n                    feedContainer.appendChild(feedItem);\n                });\n            } catch (error) {\n                console.error('Erro ao carregar o feed RSS:', error);\n            }\n        }\n\n        loadFeed2();\n    <\/script>\n<\/body>\n<\/html>\n<\/div>\n\n\n\n<div class=\"wp-block-column is-layout-flow wp-block-column-is-layout-flow\">\n<figure class=\"wp-block-image aligncenter size-full is-resized is-style-rounded is-style-rounded--3\"><a href=\"https:\/\/www.noticiasagricolas.com.br\/\" target=\"_blank\" rel=\"noreferrer noopener\"><img loading=\"lazy\" decoding=\"async\" width=\"398\" height=\"75\" src=\"https:\/\/www.gpscompany.com.br\/newsite\/wp-content\/uploads\/2024\/08\/Noticias_Agricolas.png\" alt=\"\" class=\"wp-image-838\" style=\"width:398px\" srcset=\"https:\/\/www.gpscompany.com.br\/newsite\/wp-content\/uploads\/2024\/08\/Noticias_Agricolas.png 398w, https:\/\/www.gpscompany.com.br\/newsite\/wp-content\/uploads\/2024\/08\/Noticias_Agricolas-300x57.png 300w\" sizes=\"auto, (max-width: 398px) 100vw, 398px\" \/><\/a><\/figure>\n\n\n\n<!DOCTYPE html>\n<html lang=\"pt-BR\">\n<head>\n    <meta charset=\"UTF-8\">\n    <meta name=\"viewport\" content=\"width=device-width, initial-scale=1.0\">\n    <title>Feed RSS<\/title>\n    <style>\n        #feedContainer3 {\n            width: auto;\n            height: 690px;\n            overflow: auto;\n            padding: 10px;\n        }\n\n        #feedContainer3 .feed-item {\n            margin-bottom: 15px;\n        }\n\n        #feedContainer3 .feed-item h3 {\n            margin: 0;\n            font-size: 18px;\n            font-family: 'Ubuntu', sans-serif;\n        }\n\n        #feedContainer3 .feed-item p {\n            margin: 5px 0;\n            font-size: 14px;\n        }\n\n        #feedContainer3 .feed-item a {\n            color: #0099FF;\n            text-decoration: none;\n        }\n\n         #feedContainer3 .feed-item .meta {\n            color: #E2E8EB;\n            font-size: 12px;\n        }\n\n        #feedContainer3 .feed-item img {\n            max-width: 100%;\n            height: auto;\n            display: block;\n            margin-bottom: 10px;\n        }\n\n        \/* Estilos para barra de rolagem sem fundo *\/\n        #feedContainer3::-webkit-scrollbar {\n            width: 10px;\n        }\n\n        #feedContainer3::-webkit-scrollbar-track {\n            background: transparent;\n        }\n\n        #feedContainer3::-webkit-scrollbar-thumb {\n            background-color: #888;\n            border-radius: 10px;\n        }\n\n        #feedContainer3 {\n            scrollbar-width: thin;\n            scrollbar-color: #888 transparent;\n        }\n    <\/style>\n<\/head>\n<body>\n   <!-- <h3 class=\"bodyTit\">Feed RSS<\/h3>-->\n    <div id=\"feedContainer3\"><\/div>\n\n    <script>\n        const feedUrl3 = 'https:\/\/www.noticiasagricolas.com.br\/podcasts.rss'; \/\/ Altere para o RSS desejado\n\n        async function loadFeed3() {\n            try {\n                const response = await fetch(`https:\/\/api.rss2json.com\/v1\/api.json?rss_url=${encodeURIComponent(feedUrl3)}`);\n                const data = await response.json();\n\n                const feedContainer = document.getElementById('feedContainer3');\n                feedContainer.innerHTML = '';\n\n                data.items.forEach(item => {\n                    const feedItem = document.createElement('div');\n                    feedItem.className = 'feed-item';\n\n                    \/\/ T\u00edtulo\n                    const title = document.createElement('h3');\n                    title.innerHTML = `<a href=\"${item.link}\" target=\"_blank\">${item.title}<\/a>`;\n                    feedItem.appendChild(title);\n\n                    \/\/ Data e Autor\n                    const meta = document.createElement('p');\n                    meta.className = 'meta';\n                    const date = new Date(item.pubDate).toLocaleDateString('pt-BR');\n                    const author = item.author ? item.author : 'Autor desconhecido';\n                    meta.textContent = `${date} - ${author}`;\n                    feedItem.appendChild(meta);\n\n                    \/\/ Verifica a presen\u00e7a da imagem\n                    let imageUrl = item.thumbnail || (item.enclosure && item.enclosure.url) || '';\n\n                    \/\/ Verifica o campo \"media:content\" ou \"media:thumbnail\"\n                    if (!imageUrl) {\n                        const contentWithImage = item.content || '';\n                        const imageMatch = contentWithImage.match(\/<img[^>]+src=\"([^\">]+)\"\/);\n                        if (imageMatch && imageMatch[1]) {\n                            imageUrl = imageMatch[1];\n                        }\n                    }\n\n                    if (imageUrl) {\n                        const image = document.createElement('img');\n                        image.src = imageUrl;\n                        image.alt = item.title;\n                        feedItem.appendChild(image);\n                    }\n\n                    \/\/ Resumo\n                    let description = item.description.replace(\/<[^>]*>\/g, ''); \/\/ Remove tags HTML\n                    description = description.replace(item.link, ''); \/\/ Remove o link da descri\u00e7\u00e3o\n                    description = description.split(' ').slice(0, 55).join(' ') + '...';\n\n                    const summary = document.createElement('p');\n                    summary.innerHTML = `${description} <a href=\"${item.link}\" target=\"_blank\">Leia mais em<\/a>`;\n                    feedItem.appendChild(summary);\n\n                    feedContainer.appendChild(feedItem);\n                });\n            } catch (error) {\n                console.error('Erro ao carregar o feed RSS:', error);\n            }\n        }\n\n        loadFeed3();\n    <\/script>\n<\/body>\n<\/html>\n<\/div>\n<\/div>\n\n\n\n<hr class=\"wp-block-separator has-text-color has-contrast-3-color has-alpha-channel-opacity has-contrast-3-background-color has-background is-style-wide\"\/>\n<\/div>\n\n\n\n<div class=\"wp-block-group alignwide is-layout-flow wp-block-group-is-layout-flow\">\n<div id=\"ww_92d599919c421\" v='1.3' loc='auto' a='{\"t\":\"responsive\",\"lang\":\"pt\",\"sl_lpl\":1,\"ids\":[],\"font\":\"Arial\",\"sl_ics\":\"one_a\",\"sl_sot\":\"celsius\",\"cl_bkg\":\"image\",\"cl_font\":\"#FFFFFF\",\"cl_cloud\":\"#FFFFFF\",\"cl_persp\":\"#81D4FA\",\"cl_sun\":\"#FFC107\",\"cl_moon\":\"#FFC107\",\"cl_thund\":\"#FF5722\"}'>Mais previs\u00f5es: <a href=\"https:\/\/oneweather.org\/pt\/lisbon\/25_days\/\" id=\"ww_92d599919c421_u\" target=\"_blank\" rel=\"noopener\">Tempo 25 dias<\/a><\/div><script async src=\"https:\/\/app2.weatherwidget.org\/js\/?id=ww_92d599919c421\"><\/script>\n<\/div>\n\n\n\n<div class=\"wp-block-group alignwide is-layout-flow wp-block-group-is-layout-flow\">\n<hr class=\"wp-block-separator has-text-color has-contrast-3-color has-alpha-channel-opacity has-contrast-3-background-color has-background is-style-wide\"\/>\n\n\n\n<h3 class=\"wp-block-heading has-text-align-center bodyTit\">Pre\u00e7os de Criptomoedas e Cota\u00e7\u00f5es Hoje<\/h3>\n\n\n\n<!-- TradingView Widget BEGIN -->\n<div class=\"tradingview-widget-container\">\n  <div class=\"tradingview-widget-container__widget\"><\/div>\n  <div class=\"tradingview-widget-copyright\"><a href=\"https:\/\/www.tradingview.com\/\" rel=\"noopener nofollow\" target=\"_blank\"><span class=\"blue-text\">Track all markets on TradingView<\/span><\/a><\/div>\n  <script type=\"text\/javascript\" src=\"https:\/\/s3.tradingview.com\/external-embedding\/embed-widget-screener.js\" async>\n  {\n  \"width\": \"100%\",\n  \"height\": 550,\n  \"defaultColumn\": \"overview\",\n  \"screener_type\": \"crypto_mkt\",\n  \"displayCurrency\": \"BRL\",\n  \"colorTheme\": \"dark\",\n  \"locale\": \"br\",\n  \"isTransparent\": true\n}\n  <\/script>\n<\/div>\n<!-- TradingView Widget END -->\n<\/div>\n\n\n\n<hr class=\"wp-block-separator alignwide has-text-color has-contrast-2-color has-alpha-channel-opacity has-contrast-2-background-color has-background\"\/>\n\n\n\n<h3 class=\"wp-block-heading alignwide has-text-align-center bodyTit\">Cota\u00e7\u00f5es e informa\u00e7\u00f5es do Agroneg\u00f3cio<\/h3>\n\n\n\n<div class=\"wp-block-group alignwide is-layout-flow wp-block-group-is-layout-flow\">\n<div class=\"wp-block-columns is-layout-flex wp-container-core-columns-is-layout-28f84493 wp-block-columns-is-layout-flex\">\n<div class=\"wp-block-column is-layout-flow wp-block-column-is-layout-flow\" style=\"flex-basis:60%\">\n<!DOCTYPE html>\n<html lang=\"pt-BR\">\n<head>\n    <meta charset=\"UTF-8\">\n    <meta name=\"viewport\" content=\"width=device-width, initial-scale=1.0\">\n    <title>Not\u00edcias Agr\u00edcolas<\/title>\n    <style>\n        \n        .widget-container1 thead, .widget-container1 tfoot {\n          background-color: black;\n        }\n        .widget-container1 {\n            font-size: 10pt;\n            color: #E2E8EB;\n            font-family: 'Ubuntu', sans-serif;\n        }\n        .widget-container1 tbody .linhapar td {\n            background-color: slategray;\n        }\n\n    <\/style>\n<\/head>\n<body>\n    <!-- Cont\u00eainer do Widget -->\n    <div class=\"widget-container1\">\n        <script type=\"text\/javascript\" src=\"https:\/\/www.noticiasagricolas.com.br\/widgets\/cotacoes?id=8&#038;imagem=true&#038;output=js\"><\/script>\n    <\/div>\n<\/body>\n<\/html>\n<\/div>\n\n\n\n<div class=\"wp-block-column is-layout-flow wp-block-column-is-layout-flow\" style=\"flex-basis:40%\">\n<!DOCTYPE html>\n<html lang=\"pt-BR\">\n<head>\n    <meta charset=\"UTF-8\">\n    <meta name=\"viewport\" content=\"width=device-width, initial-scale=1.0\">\n    <title>Not\u00edcias Agr\u00edcolas<\/title>\n    <style>\n        \/* Personalizar a barra de rolagem para WebKit (Chrome, Safari) *\/\n        ::-webkit-scrollbar {\n            width: 8px;\n        }\n        ::-webkit-scrollbar-track {\n            background: transparent; \/* Fundo transparente para a trilha da barra de rolagem *\/\n        }\n        ::-webkit-scrollbar-thumb {\n            background: #888; \/* Cor da barra de rolagem *\/\n            border-radius: 10px;\n        }\n        ::-webkit-scrollbar-thumb:hover {\n            background: #555; \/* Cor da barra de rolagem ao passar o mouse *\/\n        }\n\n        \/* Personalizar a barra de rolagem para Firefox *\/\n        .scrollable-content {\n            scrollbar-width: thin;\n            scrollbar-color: #888 transparent; \/* Cor da barra de rolagem e fundo *\/\n        }\n\n        \/* Estilo do cont\u00eainer do widget *\/\n        .widget-container {\n            width: auto;\n            height: 920px;\n            overflow: auto;\n            padding: 10px;\n            font-size: 11pt;\n            font-family: 'Ubuntu', sans-serif;\n        }\n        .widget-container .na_dia {\n            color: #0099FF;\n        }\n        .widget-container li {\n            color: #0099FF;\n        }\n        .widget-container a {\n            color: #E2E8EB;\n        }\n    <\/style>\n<\/head>\n<body>\n    <!-- Cont\u00eainer do Widget -->\n    <h4 class=\"bodyTit\" style=\"text-align: center;\">Noticias Pecu\u00e1ria<\/h4>\n    <div class=\"widget-container scrollable-content\">\n        <script type=\"text\/javascript\" src=\"https:\/\/www.noticiasagricolas.com.br\/widgets\/noticias?subsecao=8,64,149,26,105,107,159,117&#038;output=js\"><\/script>\n    <\/div>\n<\/body>\n<\/html>\n<\/div>\n<\/div>\n<\/div>\n\n\n\n<hr class=\"wp-block-separator alignwide has-text-color has-contrast-2-color has-alpha-channel-opacity has-contrast-2-background-color has-background\"\/>\n\n\n\n<p><\/p>\n","protected":false},"excerpt":{"rendered":"<p>\u00daltimas Not\u00edcias Feed RSS Feed RSS Feed RSS Mais previs\u00f5es: Tempo 25 dias Pre\u00e7os de Criptomoedas e Cota\u00e7\u00f5es Hoje Track all markets on TradingView Cota\u00e7\u00f5es e informa\u00e7\u00f5es do Agroneg\u00f3cio Not\u00edcias Agr\u00edcolas Not\u00edcias Agr\u00edcolas Noticias Pecu\u00e1ria<\/p>\n","protected":false},"author":1,"featured_media":0,"parent":0,"menu_order":0,"comment_status":"closed","ping_status":"closed","template":"","meta":{"footnotes":""},"class_list":["post-612","page","type-page","status-publish","hentry"],"_links":{"self":[{"href":"https:\/\/www.gpscompany.com.br\/newsite\/wp-json\/wp\/v2\/pages\/612","targetHints":{"allow":["GET"]}}],"collection":[{"href":"https:\/\/www.gpscompany.com.br\/newsite\/wp-json\/wp\/v2\/pages"}],"about":[{"href":"https:\/\/www.gpscompany.com.br\/newsite\/wp-json\/wp\/v2\/types\/page"}],"author":[{"embeddable":true,"href":"https:\/\/www.gpscompany.com.br\/newsite\/wp-json\/wp\/v2\/users\/1"}],"replies":[{"embeddable":true,"href":"https:\/\/www.gpscompany.com.br\/newsite\/wp-json\/wp\/v2\/comments?post=612"}],"version-history":[{"count":262,"href":"https:\/\/www.gpscompany.com.br\/newsite\/wp-json\/wp\/v2\/pages\/612\/revisions"}],"predecessor-version":[{"id":885,"href":"https:\/\/www.gpscompany.com.br\/newsite\/wp-json\/wp\/v2\/pages\/612\/revisions\/885"}],"wp:attachment":[{"href":"https:\/\/www.gpscompany.com.br\/newsite\/wp-json\/wp\/v2\/media?parent=612"}],"curies":[{"name":"wp","href":"https:\/\/api.w.org\/{rel}","templated":true}]}}